{"id":12749,"date":"2021-06-09T06:12:52","date_gmt":"2021-06-09T06:12:52","guid":{"rendered":"https:\/?page_id=12749"},"modified":"2023-05-03T21:07:44","modified_gmt":"2023-05-03T21:07:44","slug":"onze-verkoopsvoorwaarden","status":"publish","type":"page","link":"https:\/\/body2fit.be\/fr\/onze-verkoopsvoorwaarden\/","title":{"rendered":"Nos conditions de vente"},"content":{"rendered":"<h3 class=\"wp-block-heading\">1. Photos et images<\/h3>\n\n\n\n<p>Les photos et images utilis\u00e9es sur le site peuvent diff\u00e9rer de l&#039;original. Les images et photos ne sont donc pas contractuelles.<\/p>\n\n\n\n<h3 class=\"wp-block-heading\">2. Prix<\/h3>\n\n\n\n<p>Les prix sur le site sont des prix indicatifs. Les prix sont susceptibles de changer, d&#039;\u00e9puiser les stocks et d&#039;\u00e9ventuelles erreurs d&#039;impression. Les prix incluent la TVA.<\/p>\n\n\n\n<h3 class=\"wp-block-heading\">3. Commande &amp; Paiement<\/h3>\n\n\n\n<p>Apr\u00e8s r\u00e9ception de votre commande, nous \u00e9tablirons un bon de commande d\u00e9finitif. Le paiement doit \u00eatre effectu\u00e9 lors de l&#039;acceptation de ce bon de commande. Une commande ne sera accept\u00e9e par nous qu&#039;apr\u00e8s r\u00e9ception de la totalit\u00e9 du montant. Nous n&#039;acceptons pas les ch\u00e8ques. Cela signifie que nous n&#039;acceptons une commande que si le montant total de la commande est sur notre compte.<\/p>\n\n\n\n<h3 class=\"wp-block-heading\">4. Livraison &amp; frais de livraison<\/h3>\n\n\n\n<p>Wij bezorgen u de goederen per koerier. Hiervoor wordt een vast tarief aangerekend van 6,5\u20ac zowel Belgi\u00eb, Nederland als andere geselecteerde landen, boven \u20ac75 is de verzending gratis. Kosten voor spoedbestellingen zijn altijd ten laste van de klant.<br>Alle zendingen reizen op risico van de bestemmeling. Onder overmacht wordt verstaan\u00a0elke vreemde oorzaak, alsmede elke omstandigheid, welke in redelijkheid niet voor haar risico behoort tekomen. Vertraging bij of wanprestatie door onze toeleveranciers, vervoersmoeilijkheden, werkstakingen,\u00a0overheidsmaatregelen, vertragingen in de aanvoer, nalatigheden van leveranciers en\/of fabrikanten van ledshoponline.be. Alsmede van hulppersonen, ziekte van personeel, gebreken in hulp- of transportmiddelen\u00a0gelden uitdrukkelijk als overmacht. Uw bestelling zullen we met de nodige zorg uitvoeren. Indien de levering\u00a0vertraging oploopt of niet uitvoerbaar blijkt, dan zullen wij u eveneens inlichten.<\/p>\n\n\n\n<h3 class=\"wp-block-heading\">5. Annulations, reprise de marchandise, droit de r\u00e9tractation chez nous D\u00e9lai de r\u00e9flexion de 14 jours<\/h3>\n\n\n\n<p>Si vous annulez pour une raison ind\u00e9termin\u00e9e, veuillez nous envoyer un courriel.<\/p>\n\n\n\n<p>Il est bien entendu toujours possible que vous ne soyez pas satisfait d&#039;un ou plusieurs produits re\u00e7us. Si tel est le cas, le produit peut toujours \u00eatre retourn\u00e9, dans son \u00e9tat et emballage d&#039;origine.<\/p>\n\n\n\n<p>Apr\u00e8s tout, Body2fit.be utilise un d\u00e9lai de r\u00e9flexion de 14 jours. Pendant cette p\u00e9riode, vous pouvez visualiser le produit command\u00e9, comme vous le feriez en magasin. Le produit peut donc \u00eatre retir\u00e9 de l&#039;emballage pour le visualiser.Si le produit n&#039;est plus complet ou semble visiblement utilis\u00e9, nous ne pouvons malheureusement pas le reprendre. En cas de doute \u00e0 ce sujet, nous vous conseillons toujours de nous contacter, afin de ne pas avoir de surprises par la suite. M\u00eame en cas d&#039;\u00e9change retour, nous ne reprenons pas les produits.<\/p>\n\n\n\n<h3 class=\"wp-block-heading\">6. Retour<\/h3>\n\n\n\n<p>Proc\u00e9dure de retour : le num\u00e9ro de facture doit \u00eatre clairement indiqu\u00e9 sur l&#039;emballage de retour. Les retours sans num\u00e9ro de facture et une copie de la facture originale ne seront pas accept\u00e9s. Les marchandises doivent \u00eatre retourn\u00e9es dans leur emballage d&#039;origine non ouvert dans les 14 jours suivant la livraison. Les produits incomplets ne seront pas accept\u00e9s. Tous les frais d&#039;exp\u00e9dition et de manutention doivent \u00eatre pr\u00e9pay\u00e9s par le client. Nous n&#039;acceptons pas le paiement \u00e0 la livraison<\/p>\n\n\n\n<p><strong>Merci de retourner votre colis \u00e0 :<\/strong><br><strong>Body2fit \u2013 SEOboost BV<\/strong><em> &#8211;<\/em><em> <\/em><strong>BE0686853238<\/strong><br><strong>Rue Mussest 16<\/strong><br><strong>8553 Otegem<\/strong><br><strong>Belgique<\/strong><\/p>","protected":false},"excerpt":{"rendered":"<p>1. Foto\u2019s &amp; afbeeldingen De foto\u2019s en afbeeldingen gebruikt op de website kunnen afwijken van het originele. De afbeeldingen en foto\u2019s&nbsp;zijn dus niet bindend. 2. Prijzen De prijzen op de website zijn richtprijzen. De prijzen zijn onder voorbehoud, uitputting voorraad en eventuele&nbsp;drukfouten. De prijzen zijn inclusief btw. 3.&nbsp;Bestelling &amp; betaling Na ontvangst van uw bestelling&#8230;<\/p>","protected":false},"author":1,"featured_media":0,"parent":0,"menu_order":0,"comment_status":"closed","ping_status":"closed","template":"","meta":{"_seopress_robots_primary_cat":"","_seopress_titles_title":"","_seopress_titles_desc":"","_seopress_robots_index":"","_kad_blocks_custom_css":"","_kad_blocks_head_custom_js":"","_kad_blocks_body_custom_js":"","_kad_blocks_footer_custom_js":"","_kad_post_transparent":"","_kad_post_title":"","_kad_post_layout":"","_kad_post_sidebar_id":"","_kad_post_content_style":"","_kad_post_vertical_padding":"","_kad_post_feature":"","_kad_post_feature_position":"","_kad_post_header":false,"_kad_post_footer":false,"_kad_post_classname":"","footnotes":""},"class_list":["post-12749","page","type-page","status-publish","hentry"],"taxonomy_info":[],"featured_image_src_large":false,"author_info":{"display_name":"Tom Noreilde","author_link":"https:\/\/body2fit.be\/fr\/author\/409b47a90a524ccf\/"},"comment_info":0,"_links":{"self":[{"href":"https:\/\/body2fit.be\/fr\/wp-json\/wp\/v2\/pages\/12749","targetHints":{"allow":["GET"]}}],"collection":[{"href":"https:\/\/body2fit.be\/fr\/wp-json\/wp\/v2\/pages"}],"about":[{"href":"https:\/\/body2fit.be\/fr\/wp-json\/wp\/v2\/types\/page"}],"author":[{"embeddable":true,"href":"https:\/\/body2fit.be\/fr\/wp-json\/wp\/v2\/users\/1"}],"replies":[{"embeddable":true,"href":"https:\/\/body2fit.be\/fr\/wp-json\/wp\/v2\/comments?post=12749"}],"version-history":[{"count":0,"href":"https:\/\/body2fit.be\/fr\/wp-json\/wp\/v2\/pages\/12749\/revisions"}],"wp:attachment":[{"href":"https:\/\/body2fit.be\/fr\/wp-json\/wp\/v2\/media?parent=12749"}],"curies":[{"name":"wp","href":"https:\/\/api.w.org\/{rel}","templated":true}]}}