{"id":12751,"date":"2021-06-09T06:15:13","date_gmt":"2021-06-09T06:15:13","guid":{"rendered":"https:\/?page_id=12751"},"modified":"2025-03-01T23:28:07","modified_gmt":"2025-03-01T23:28:07","slug":"privacy-policy","status":"publish","type":"page","link":"https:\/\/body2fit.be\/fr\/privacy-policy\/","title":{"rendered":"D\u00e9claration de confidentialit\u00e9 et de cookies"},"content":{"rendered":"<h2 class=\"wp-block-heading\">Confidentialit\u00e9 RGPD \u2013 RGPD<\/h2>\n\n\n\n<p>La personne responsable de l&#039;AVG - GDPR et d&#039;autres lois et r\u00e9glementations en mati\u00e8re de confidentialit\u00e9 est\u00a0:<\/p>\n\n\n\n<p>SEOboost BV \u2013 Body2fit.be<br>Rue Mussest 16<br>8553 Otegem<\/p>\n\n\n\n<p>Courriel : info@<br>Site Web : www.body2fit.be<\/p>\n\n\n\n<p>G\u00e9rant : Tom Noreilde<\/p>\n\n\n\n<h3 class=\"wp-block-heading\">Contacter notre responsable de la confidentialit\u00e9 ?<\/h3>\n\n\n\n<p>Vous pouvez nous contacter au sujet de la d\u00e9claration de confidentialit\u00e9 aux informations suivantes\u00a0:<\/p>\n\n\n\n<p>SEOboost BV \u2013 Body2fit.be<br>Rue Mussest 16<br>8553 Otegem<\/p>\n\n\n\n<p>Courriel : info@<br>Site Web : www.body2fit.be<\/p>\n\n\n\n<h3 class=\"wp-block-heading\">Informations sur le traitement de vos donn\u00e9es personnelles.<\/h3>\n\n\n\n<h4 class=\"wp-block-heading\">Que signifie \u00ab\u00a0traitement des donn\u00e9es personnelles\u00a0\u00bb\u00a0?<\/h4>\n\n\n\n<p>Au sens du RGPD, on entend par donn\u00e9es personnelles, les donn\u00e9es relatives \u00e0 la situation d&#039;une personne. Cela concerne par exemple votre nom, votre adresse, votre date de naissance, etc.<br>Les num\u00e9ros d&#039;identification sont \u00e9galement consid\u00e9r\u00e9s comme des donn\u00e9es personnelles s&#039;ils peuvent \u00eatre li\u00e9s \u00e0 une personne. Les num\u00e9ros d&#039;identification comprennent, par exemple, votre num\u00e9ro de t\u00e9l\u00e9phone, votre num\u00e9ro de client, votre adresse e-mail, votre num\u00e9ro de compte bancaire, votre num\u00e9ro de carte de cr\u00e9dit et l&#039;adresse IP de votre ordinateur.<br>Si ces donn\u00e9es sont rendues m\u00e9connaissables et ne peuvent plus \u00eatre associ\u00e9es \u00e0 votre personne (cela est \u00e9galement connu sous le nom d&#039;anonymisation), elles ne sont plus consid\u00e9r\u00e9es comme des donn\u00e9es personnelles.<br>Le traitement des donn\u00e9es personnelles comprend tout ce qui peut arriver aux informations, telles que la collecte, le stockage, l&#039;adaptation, la modification, la r\u00e9cup\u00e9ration, le transfert, la liaison ou la suppression.<\/p>\n\n\n\n<h4 class=\"wp-block-heading\">2. Nous traitons toujours vos donn\u00e9es conform\u00e9ment aux r\u00e8gles de l&#039;article 6 du RGPD<\/h4>\n\n\n\n<p>Le traitement des donn\u00e9es personnelles n&#039;est autoris\u00e9 que s&#039;il existe une base l\u00e9gale, par exemple si vous nous avez donn\u00e9 votre consentement, si vous souhaitez effectuer un achat chez nous ou si nous pouvons d\u00e9montrer que nous avons un int\u00e9r\u00eat l\u00e9gitime \u00e0 traiter votre donn\u00e9es personnelles.<\/p>\n\n\n\n<p>Nous traitons vos donn\u00e9es personnelles pour le traitement d&#039;une commande que vous avez pass\u00e9e dans notre boutique en ligne (c&#039;est-\u00e0-dire lorsque vous concluez un contrat d&#039;achat avec nous).<br>Cela concerne, par exemple, les informations sur les articles que vous avez plac\u00e9s dans le panier (\u00e9galement temporairement) et les articles que vous avez command\u00e9s \u00e0 quel moment.<br>Si vous acceptez et donnez-nous votre autorisation, nous collecterons et traiterons \u00e9galement des informations suppl\u00e9mentaires vous concernant. Cela concerne, par exemple, des informations sur la fa\u00e7on dont vous visitez et utilisez notre site Web et sur votre inscription \u00e0 notre newsletter. Gr\u00e2ce \u00e0 ces informations suppl\u00e9mentaires, nous pouvons am\u00e9liorer la qualit\u00e9 de notre site Web et de notre service.<br>Dans tous les cas, nous avons besoin de votre consentement (ou avons pr\u00e9alablement obtenu votre consentement) pour toutes les actions au-del\u00e0 du traitement effectif d&#039;une commande, telles que :<\/p>\n\n\n\n<ul class=\"wp-block-list\">\n<li>Envoi de notre newsletter<\/li>\n<\/ul>\n\n\n\n<p>Nous pouvons traiter vos donn\u00e9es personnelles sans votre consentement, lorsque le consentement pr\u00e9alable n&#039;est pas possible pour des raisons valables, mais le traitement de vos donn\u00e9es est autoris\u00e9 par la loi.<br>Il existe \u00e9galement d&#039;autres cas o\u00f9 nous traitons vos donn\u00e9es personnelles sans votre consentement. Cela se fait alors sur la base des int\u00e9r\u00eats l\u00e9gitimes de notre entreprise ou des int\u00e9r\u00eats d&#039;un tiers (article 6, paragraphe 1, lettre f du RGPD).<br>Par exemple, il existe un int\u00e9r\u00eat l\u00e9gitime de notre soci\u00e9t\u00e9 dans les cas suivants :<\/p>\n\n\n\n<ul class=\"wp-block-list\">\n<li>Envoi de newsletters aux clients existants<\/li>\n\n\n\n<li>Mise \u00e0 disposition de votre adresse \u00e0 des tiers ou \u00e0 des filiales de notre soci\u00e9t\u00e9 \u00e0 des fins publicitaires<\/li>\n\n\n\n<li>Envoi de catalogues<\/li>\n<\/ul>\n\n\n\n<p>Si nous voulons revendiquer ces int\u00e9r\u00eats l\u00e9gitimes, le RGPD exige que nous v\u00e9rifiions au pr\u00e9alable que vos droits et libert\u00e9s personnels ne sont pas compromis.<\/p>\n\n\n\n<h4 class=\"wp-block-heading\">3. Nous ne conservons pas vos donn\u00e9es plus longtemps que n\u00e9cessaire<\/h4>\n\n\n\n<p>Vos donn\u00e9es personnelles seront supprim\u00e9es lorsque nous n&#039;en aurons plus besoin et qu&#039;aucune des bases juridiques susmentionn\u00e9es n&#039;existera encore. Dans certains cas, des obligations l\u00e9gales peuvent nous obliger \u00e0 conserver vos donn\u00e9es personnelles.<br>Lorsque nous conservons vos donn\u00e9es plus longtemps pour d&#039;autres raisons, par exemple pour am\u00e9liorer notre service, nous ne le ferons que si vous nous avez donn\u00e9 votre consentement ou si nous avons un int\u00e9r\u00eat l\u00e9gitime \u00e0 le faire.<br>Si nous ne sommes pas en mesure de supprimer vos donn\u00e9es personnelles pour des raisons techniques, vos donn\u00e9es seront dans tous les cas exclues du traitement ult\u00e9rieur (&quot;bloqu\u00e9es&quot;).<\/p>\n\n\n\n<h4 class=\"wp-block-heading\">4. Protection des donn\u00e9es : transfert de donn\u00e9es via une connexion SSL s\u00e9curis\u00e9e<\/h4>\n\n\n\n<p>Nous sommes conscients que la protection de vos donn\u00e9es lors de vos achats en ligne est importante pour vous. Par cons\u00e9quent, vos donn\u00e9es personnelles (adresse, num\u00e9ro de client, donn\u00e9es de commande, etc.) sont stock\u00e9es chez nous \u00e0 l&#039;aide de la technologie dite SSL (Secure Socket Layer SSL 3.0, RC4 avec cryptage 128 bits (\u00e9lev\u00e9), RSA 1024 bits, selon sur le navigateur utilis\u00e9. ) crypt\u00e9. De cette fa\u00e7on, nous emp\u00eachons des tiers non autoris\u00e9s d&#039;acc\u00e9der \u00e0 vos donn\u00e9es. Vous reconnaissez la connexion s\u00e9curis\u00e9e dans votre navigateur par les deux points suivants : il indique \u00ab https : \/\/ \u2026 \u00bb au lieu de \u00ab http : \/\/ \u2026 \u00bb devant l&#039;adresse Web et un cadenas ferm\u00e9 s&#039;affiche.<\/p>\n\n\n\n<p>Vous souhaitez plus d&#039;informations sur notre certificat SSL ? Double-cliquez ensuite sur le cadenas affich\u00e9 dans votre navigateur.<\/p>\n\n\n\n<h3 class=\"wp-block-heading\">Tes droits.<\/h3>\n\n\n\n<p>Lorsque nous traitons vos donn\u00e9es personnelles, si vous pouvez vous identifier, vous disposez de divers droits contre nous en vertu du RGPD.<\/p>\n\n\n\n<h4 class=\"wp-block-heading\">1. Droit d&#039;acc\u00e8s<\/h4>\n\n\n\n<p>Vous pouvez nous demander si nous traitons des donn\u00e9es personnelles vous concernant.<br>Si tel est le cas, conform\u00e9ment au RGPD, vous pouvez nous demander des informations sur les sujets suivants :<br>(1) les finalit\u00e9s pour lesquelles vos donn\u00e9es personnelles sont trait\u00e9es ;<br>(2) les cat\u00e9gories de donn\u00e9es personnelles trait\u00e9es ;<br>(3) les destinataires ou cat\u00e9gories de destinataires auxquels vos informations personnelles ont \u00e9t\u00e9 ou seront divulgu\u00e9es ;<br>(4) la dur\u00e9e pr\u00e9vue de stockage de vos donn\u00e9es personnelles ou, si des informations sp\u00e9cifiques les concernant ne sont pas disponibles, les crit\u00e8res pour d\u00e9terminer la dur\u00e9e de stockage ;<br>(5) le droit de demander la modification ou la suppression de vos donn\u00e9es personnelles, le droit de restreindre le traitement de vos donn\u00e9es personnelles et le droit de vous opposer\u00a0;<br>(6) le droit de d\u00e9poser une plainte aupr\u00e8s d&#039;une autorit\u00e9 de contr\u00f4le\u00a0;<br>(7) toute information disponible sur l&#039;origine de vos donn\u00e9es personnelles, \u00e0 moins que vous n&#039;ayez fourni vos donn\u00e9es personnelles vous-m\u00eame\u00a0;<br>(8) prise de d\u00e9cision automatis\u00e9e et profilage conform\u00e9ment \u00e0 l&#039;article 22, paragraphes 1 et 4 du RGPD et, le cas \u00e9ch\u00e9ant, des informations utiles sur la logique sous-jacente, ainsi que les effets et les cons\u00e9quences attendues de la prise de d\u00e9cision automatis\u00e9e et du profilage avoir sur vous.<\/p>\n\n\n\n<p>Vous avez le droit de demander des informations pour savoir si vos donn\u00e9es personnelles sont transf\u00e9r\u00e9es vers des pays tiers (c&#039;est-\u00e0-dire des pays qui ne sont pas membres de l&#039;Union europ\u00e9enne) ou des organisations internationales. Si tel est le cas, vous avez le droit d&#039;\u00eatre inform\u00e9 du transfert de donn\u00e9es personnelles conform\u00e9ment \u00e0 l&#039;article 46 du RGPD.<br>2. Droit de rectification<br>Vous avez le droit de corriger et\/ou de compl\u00e9ter vos donn\u00e9es personnelles si les donn\u00e9es sont incorrectes ou incompl\u00e8tes. Nous effectuerons la correction et\/ou l&#039;ajout imm\u00e9diatement.<br>3. Droit \u00e0 la limitation du traitement de vos donn\u00e9es personnelles<br>Dans certains cas, vous pouvez demander la limitation du traitement de vos donn\u00e9es personnelles :<br>(1) lorsque vous contestez l&#039;exactitude de vos donn\u00e9es personnelles, le traitement de vos donn\u00e9es peut \u00eatre limit\u00e9 pendant une p\u00e9riode de temps afin que nous ayons le temps de v\u00e9rifier l&#039;exactitude de vos donn\u00e9es personnelles\u00a0;<br>(2) lorsque le traitement de vos donn\u00e9es personnelles est ill\u00e9gal et que vous ne souhaitez pas que vos donn\u00e9es personnelles soient effac\u00e9es, vous pouvez demander \u00e0 la place la restriction du traitement de vos donn\u00e9es personnelles\u00a0;<br>(3) lorsque nous n&#039;avons plus besoin de vos donn\u00e9es personnelles \u00e0 des fins de traitement, mais que vous en avez besoin pour une action en justice ;<br>(4) si vous vous \u00eates oppos\u00e9 au traitement et qu&#039;il n&#039;est pas encore certain que les motifs de notre soci\u00e9t\u00e9 l&#039;emportent sur les v\u00f4tres.<\/p>\n\n\n\n<p>Lorsque le traitement de vos donn\u00e9es personnelles est restreint, les donn\u00e9es, \u00e0 l&#039;exception de leur stockage, ne seront trait\u00e9es qu&#039;avec votre consentement, pour une action en justice ou pour prot\u00e9ger les droits d&#039;une autre personne physique ou morale.<\/p>\n\n\n\n<p>Lorsque le traitement de vos donn\u00e9es est restreint par nous, vous en serez inform\u00e9 avant la lev\u00e9e de la restriction.<\/p>\n\n\n\n<h4 class=\"wp-block-heading\">4. Droit \u00e0 l&#039;effacement (&quot;Droit \u00e0 l&#039;oubli&quot;)<\/h4>\n\n\n\n<p>Dans certains cas, vous pouvez nous demander de supprimer imm\u00e9diatement vos donn\u00e9es personnelles. Dans les cas suivants, nous sommes oblig\u00e9s de supprimer les donn\u00e9es imm\u00e9diatement.<\/p>\n\n\n\n<p>(1) Les donn\u00e9es personnelles ne sont plus n\u00e9cessaires aux fins pour lesquelles elles ont \u00e9t\u00e9 collect\u00e9es ou autrement trait\u00e9es\u00a0;<br>(2) Lorsque vous retirez votre consentement (voir ci-dessous) ou qu&#039;il n&#039;existe aucune autre base l\u00e9gale pour le traitement de vos donn\u00e9es personnelles\u00a0;<br>(3) Lorsque vous vous opposez au traitement de vos donn\u00e9es personnelles (voir ci-dessous) et qu&#039;il n&#039;existe aucun motif l\u00e9gitime pour le traitement\u00a0;<br>(4) Lorsque nous avons trait\u00e9 ill\u00e9galement vos donn\u00e9es personnelles\u00a0;<br>(5) Lorsque les donn\u00e9es personnelles doivent \u00eatre effac\u00e9es afin de se conformer \u00e0 une obligation l\u00e9gale d\u00e9crite dans le droit de l&#039;Union ou des \u00c9tats membres.<\/p>\n\n\n\n<p>Lorsque nous avons rendu vos informations personnelles publiques et que nous devons les supprimer, nous devons prendre des mesures pour informer les autres soci\u00e9t\u00e9s qui traitent vos informations personnelles que vous nous avez demand\u00e9 d&#039;effacer vos informations personnelles (et toutes les copies de celles-ci), en tenant compte avec la technologie disponible et les co\u00fbts de mise en \u0153uvre (&quot;Droit \u00e0 l&#039;oubli&quot;).<\/p>\n\n\n\n<p>Le droit \u00e0 l&#039;effacement n&#039;existe pas lorsque le traitement de vos donn\u00e9es personnelles est n\u00e9cessaire :<br>(1) pour l&#039;exercice du droit \u00e0 la libert\u00e9 d&#039;expression et d&#039;information ;<br>(2) pour le respect d&#039;une obligation l\u00e9gale de traitement pr\u00e9vue par le droit de l&#039;Union ou des \u00c9tats membres \u00e0 laquelle le responsable du traitement est soumis, ou pour l&#039;ex\u00e9cution d&#039;une mission d&#039;int\u00e9r\u00eat public ou relevant de l&#039;exercice de l&#039;autorit\u00e9 publique dont est investi le responsable du traitement\u00a0;<br>(3) pour des raisons d&#039;int\u00e9r\u00eat public dans le domaine de la sant\u00e9 publique conform\u00e9ment \u00e0 l&#039;article 9, paragraphe 2, lettres h) et i), et \u00e0 l&#039;article 9, paragraphe 3 du RGPD\u00a0;<br>(4) en raison d&#039;une r\u00e9clamation l\u00e9gale.<\/p>\n\n\n\n<h4 class=\"wp-block-heading\">5. Droit d&#039;informer des tiers de la rectification ou de l&#039;effacement des donn\u00e9es personnelles ou de la limitation de leur traitement<\/h4>\n\n\n\n<p>Lorsque vous avez exerc\u00e9 le droit de faire corriger, supprimer ou restreindre les informations personnelles que vous fournissez, nous sommes tenus d&#039;informer tous les tiers auxquels nous avons fourni vos informations personnelles de cette modification, suppression ou restriction, sauf si cela s&#039;av\u00e8re impossible ou implique des effort. Vous avez \u00e9galement le droit d&#039;\u00eatre inform\u00e9 par nous de ces tiers.<\/p>\n\n\n\n<h4 class=\"wp-block-heading\">6. Droit \u00e0 la portabilit\u00e9 des donn\u00e9es<\/h4>\n\n\n\n<p>Vous avez le droit de recevoir les donn\u00e9es personnelles que vous nous avez fournies dans un format structur\u00e9, couramment utilis\u00e9 et lisible par machine. Vous avez \u00e9galement le droit de transf\u00e9rer ces informations \u00e0 une autre soci\u00e9t\u00e9 dans la mesure o\u00f9 cela est techniquement possible. Les libert\u00e9s et les droits d&#039;autrui ne doivent pas en \u00eatre affect\u00e9s.<\/p>\n\n\n\n<h4 class=\"wp-block-heading\">7. Droit d&#039;opposition<\/h4>\n\n\n\n<p>Vous avez le droit de vous opposer au traitement de vos donn\u00e9es personnelles pour des raisons d\u00e9coulant de votre situation particuli\u00e8re sans encourir de frais. Cela s&#039;applique \u00e9galement au profilage et aux e-mails que nous envoyons aux clients existants.<\/p>\n\n\n\n<p>Nous cesserons de traiter vos donn\u00e9es personnelles, sauf s&#039;il existe des motifs l\u00e9gitimes imp\u00e9rieux qui l&#039;emportent sur vos int\u00e9r\u00eats, droits et libert\u00e9s ou lorsque le traitement de vos donn\u00e9es personnelles est n\u00e9cessaire pour une action en justice.<br>Lorsque vos donn\u00e9es personnelles sont trait\u00e9es \u00e0 des fins de marketing direct, vous avez le droit de vous opposer \u00e0 tout moment au traitement de vos donn\u00e9es personnelles pour un tel marketing, y compris le profilage li\u00e9 au marketing direct.<br>Lorsque vous vous opposez au traitement \u00e0 des fins de marketing direct, vos donn\u00e9es personnelles ne seront plus trait\u00e9es \u00e0 ces fins.<\/p>\n\n\n\n<h4 class=\"wp-block-heading\">8. Droit de retirer son consentement au traitement des donn\u00e9es<\/h4>\n\n\n\n<p>Vous avez le droit de retirer votre consentement au traitement de vos donn\u00e9es personnelles \u00e0 tout moment. Le retrait du consentement n&#039;affecte pas la lic\u00e9it\u00e9 du traitement effectu\u00e9 sur la base du consentement jusqu&#039;au retrait.<\/p>\n\n\n\n<h4 class=\"wp-block-heading\">9. Prise de d\u00e9cision individuelle automatis\u00e9e, y compris le profilage<\/h4>\n\n\n\n<p>Vous avez le droit de ne pas faire l&#039;objet d&#039;une d\u00e9cision fond\u00e9e uniquement sur un traitement automatis\u00e9, y compris le profilage, qui produit des effets juridiques sur vous ou qui vous affecte autrement de mani\u00e8re significative.<\/p>\n\n\n\n<p>Ceci ne s&#039;applique pas si la d\u00e9cision :<br>(1) est n\u00e9cessaire \u00e0 la formation ou \u00e0 l&#039;ex\u00e9cution d&#039;un contrat entre vous et nous<br>(2) est autoris\u00e9 par une disposition du droit de l&#039;Union ou d&#039;un \u00c9tat membre qui s&#039;applique \u00e0 nous et qui pr\u00e9voit \u00e9galement des mesures appropri\u00e9es pour prot\u00e9ger vos droits, libert\u00e9s et int\u00e9r\u00eats l\u00e9gitimes<br>(3) est bas\u00e9 sur votre consentement expr\u00e8s<br>Dans les cas mentionn\u00e9s aux (1) et (3), nous prenons les mesures appropri\u00e9es pour prot\u00e9ger vos droits, libert\u00e9s et int\u00e9r\u00eats l\u00e9gitimes. Par exemple, vous avez le droit \u00e0 une intervention humaine, le droit d&#039;exposer votre point de vue et le droit de contester la d\u00e9cision.<\/p>\n\n\n\n<h4 class=\"wp-block-heading\">10. Droit d&#039;opposition \u00e0 l&#039;autorit\u00e9 de contr\u00f4le<\/h4>\n\n\n\n<p>Vous avez le droit d&#039;introduire une r\u00e9clamation aupr\u00e8s d&#039;une autorit\u00e9 de contr\u00f4le, notamment dans l&#039;\u00c9tat membre o\u00f9 vous r\u00e9sidez habituellement, avez votre lieu de travail ou o\u00f9 l&#039;infraction all\u00e9gu\u00e9e a \u00e9t\u00e9 commise, si vous estimez que le traitement de vos donn\u00e9es personnelles est contraire \u00e0 les r\u00e9glementations du RGPD.<\/p>\n\n\n\n<h3 class=\"wp-block-heading\">Biscuits<\/h3>\n\n\n\n<p>Body2fit \u2013 BVBA Seoboost utilise des cookies sur nos sites Web. Nous le faisons pour analyser nos sites Web et les faire fonctionner de mani\u00e8re optimale, pour am\u00e9liorer nos services, pour les m\u00e9dias sociaux et pour afficher des publicit\u00e9s pertinentes sur d&#039;autres sites Web.<\/p>\n\n\n\n<h3 class=\"wp-block-heading\">Que sont les cookies ?<\/h3>\n\n\n\n<p>Les cookies sont de petits fichiers texte qui sont temporairement plac\u00e9s sur votre PC, tablette ou t\u00e9l\u00e9phone mobile par une page Internet. Les sites Web suivants placent des cookies ou des techniques similaires\u00a0:<\/p>\n\n\n\n<ul class=\"wp-block-list\">\n<li>https:<\/li>\n\n\n\n<li>http:\/\/www.body2fit.com<\/li>\n\n\n\n<li>http:\/\/www.body2fit.eu<\/li>\n<\/ul>\n\n\n\n<p>Ci-dessous, vous pouvez lire quels cookies nous utilisons avec leurs fonctionnalit\u00e9s.<\/p>\n\n\n\n<h3 class=\"wp-block-heading\">Cookies fonctionnels<\/h3>\n\n\n\n<p>Gr\u00e2ce \u00e0 ces cookies, vous n&#039;avez pas \u00e0 saisir ou t\u00e9l\u00e9charger les m\u00eames informations \u00e0 chaque fois que vous revenez vers nous. Pensez \u00e0 enregistrer des produits dans votre panier ou \u00e0 m\u00e9moriser un identifiant. De plus, la fonction de chat avec notre service desk est rendue possible au moyen de cookies.<\/p>\n\n\n\n<p><a href=\"http:\/\/www.tawk.to\/privacy-policy\/\">Tawk Chat (supprim\u00e9 apr\u00e8s la session)<\/a><\/p>\n\n\n\n<h3 class=\"wp-block-heading\">Cookies analytiques<\/h3>\n\n\n\n<p>Body2fit utilise Google Analytics pour enqu\u00eater sur l&#039;utilisation des sites Web afin de mieux comprendre comment et \u00e0 quelle fr\u00e9quence les sites Web et les pages sont visit\u00e9s. Sur la base de ces informations, Body2fit peut effectuer des ajustements et des am\u00e9liorations et Body2fit s&#039;assure que les sites Web continuent de fonctionner de mani\u00e8re optimale. Body2fit traite des statistiques anonymes sur les visites des sites Web.<\/p>\n\n\n\n<p><a href=\"http:\/\/policies.google.com\/privacy?hl=nl\" target=\"_blank\" rel=\"noreferrer noopener\">Google Analytics (30 jours)<\/a><\/p>\n\n\n\n<h3 class=\"wp-block-heading\">Cookies marketing<\/h3>\n\n\n\n<p>Body2fit utilise des cookies de Google et Facebook \u00e0 des fins de marketing. \u00c0 l&#039;aide de ces cookies, nous pouvons afficher nos publicit\u00e9s sur les sites partenaires et les r\u00e9seaux sociaux. Les visiteurs qui ont d\u00e9j\u00e0 manifest\u00e9 leur int\u00e9r\u00eat pour nos produits ou services peuvent voir les offres de Body2fit sur d&#039;autres sites Web.<\/p>\n\n\n\n<p><a href=\"http:\/\/policies.google.com\/privacy?hl=nl\" target=\"_blank\" rel=\"noreferrer noopener\">Google Double-Clic (18 mois)<\/a><\/p>\n\n\n\n<p><a href=\"http:\/\/www.facebook.com\/policies\/cookies\/\" target=\"_blank\" rel=\"noreferrer noopener\">Facebook (max 2 ans)<\/a><\/p>\n\n\n\n<h3 class=\"wp-block-heading\">Vous pr\u00e9f\u00e9rez ne pas avoir de cookies ?<\/h3>\n\n\n\n<p>Les cookies peuvent \u00eatre facilement supprim\u00e9s via votre navigateur. Veuillez noter que les sites Web peuvent ne pas fonctionner de mani\u00e8re optimale sans cookies. Vous trouverez ci-dessous une liste des navigateurs les plus utilis\u00e9s et un lien vers plus d&#039;informations sur la suppression des cookies :<\/p>\n\n\n\n<ul class=\"wp-block-list\">\n<li><a href=\"http:\/\/support.google.com\/chrome\/answer\/95647?hl=nl\" target=\"_blank\" rel=\"noreferrer noopener\">Google Chrome<\/a><\/li>\n\n\n\n<li><a href=\"http:\/\/support.mozilla.org\/nl\/kb\/cookies-informatie-websites-computer-opgeslagen?redirectlocale=nl&amp;redirectslug=cookies-informatie-websites-op-uw-computer-opslaan\" target=\"_blank\" rel=\"noreferrer noopener\">Mozilla Firefox<\/a><\/li>\n\n\n\n<li><a href=\"http:\/\/support.microsoft.com\/nl-nl\/help\/17442\/windows-internet-explorer-delete-manage-cookies\" target=\"_blank\" rel=\"noreferrer noopener\">Internet Explorer 7 et 8<\/a><\/li>\n\n\n\n<li><a href=\"http:\/\/support.microsoft.com\/nl-nl\/products\/windows?os=windows-10\" target=\"_blank\" rel=\"noreferrer noopener\">Internet Explorer 9<\/a><\/li>\n\n\n\n<li><a href=\"http:\/\/www.apple.com\/legal\/privacy\/nl\/cookies\/\" target=\"_blank\" rel=\"noreferrer noopener\">Safari<\/a><\/li>\n\n\n\n<li><a href=\"http:\/\/help.opera.com\/Linux\/10.10\/nl\/cookies.html\" target=\"_blank\" rel=\"noreferrer noopener\">Op\u00e9ra<\/a><\/li>\n<\/ul>\n\n\n\n<p>1 mai, Otegem<\/p>\n\n\n\n<p>SEOboost BV<\/p>","protected":false},"excerpt":{"rendered":"<p>Confidentialit\u00e9 AVG \u2013 GDPR La personne responsable de l&#039;AVG \u2013 GDPR et d&#039;autres lois et r\u00e9glementations en mati\u00e8re de confidentialit\u00e9 est : SEOboost BV \u2013 Body2fit.beMussestraat 168553 Otegem E-mail : info@ Site Web : www.body2fit.be Manager : Tom Noreilde Contact avec notre responsable de la protection de la vie priv\u00e9e\u00a0? Vous pouvez nous contacter au sujet de la d\u00e9claration de confidentialit\u00e9 aux informations suivantes : SEOboost BV \u2013 Body2fit.beMussestraat 168553 Otegem E-mail : info@Site Internet : www.body2fit.be\u2026<\/p>","protected":false},"author":1,"featured_media":0,"parent":0,"menu_order":0,"comment_status":"closed","ping_status":"closed","template":"","meta":{"_seopress_robots_primary_cat":"","_seopress_titles_title":"","_seopress_titles_desc":"","_seopress_robots_index":"","_kad_blocks_custom_css":"","_kad_blocks_head_custom_js":"","_kad_blocks_body_custom_js":"","_kad_blocks_footer_custom_js":"","_kad_post_transparent":"","_kad_post_title":"","_kad_post_layout":"","_kad_post_sidebar_id":"","_kad_post_content_style":"","_kad_post_vertical_padding":"","_kad_post_feature":"","_kad_post_feature_position":"","_kad_post_header":false,"_kad_post_footer":false,"_kad_post_classname":"","footnotes":""},"class_list":["post-12751","page","type-page","status-publish","hentry"],"taxonomy_info":[],"featured_image_src_large":false,"author_info":{"display_name":"Tom Noreilde","author_link":"https:\/\/body2fit.be\/fr\/author\/409b47a90a524ccf\/"},"comment_info":0,"_links":{"self":[{"href":"https:\/\/body2fit.be\/fr\/wp-json\/wp\/v2\/pages\/12751","targetHints":{"allow":["GET"]}}],"collection":[{"href":"https:\/\/body2fit.be\/fr\/wp-json\/wp\/v2\/pages"}],"about":[{"href":"https:\/\/body2fit.be\/fr\/wp-json\/wp\/v2\/types\/page"}],"author":[{"embeddable":true,"href":"https:\/\/body2fit.be\/fr\/wp-json\/wp\/v2\/users\/1"}],"replies":[{"embeddable":true,"href":"https:\/\/body2fit.be\/fr\/wp-json\/wp\/v2\/comments?post=12751"}],"version-history":[{"count":0,"href":"https:\/\/body2fit.be\/fr\/wp-json\/wp\/v2\/pages\/12751\/revisions"}],"wp:attachment":[{"href":"https:\/\/body2fit.be\/fr\/wp-json\/wp\/v2\/media?parent=12751"}],"curies":[{"name":"wp","href":"https:\/\/api.w.org\/{rel}","templated":true}]}}