{"id":112,"date":"2013-10-14T00:00:00","date_gmt":"2013-10-14T00:00:00","guid":{"rendered":"https:\/?post_type=product&#038;p=112"},"modified":"2023-08-04T11:19:25","modified_gmt":"2023-08-04T11:19:25","slug":"syntech-omega-3-180caps","status":"publish","type":"product","link":"https:\/\/body2fit.be\/fr\/shop\/syntech-omega-3-180caps\/","title":{"rendered":"SynTech Omega 3 180 capsules"},"content":{"rendered":"<div><strong>om\u00e9ga 3<\/strong>\u00a0Les acides gras sont des acides gras poly-insatur\u00e9s que l&#039;on trouve principalement dans l&#039;huile de poisson. Ils sont donc souvent appel\u00e9s acides gras de poisson. Les plus connus sont l&#039;EPA (acide eicosapenta\u00e9no\u00efque) et le DHA (acide docosahexa\u00e9no\u00efque).<\/div>\n<div><\/div>\n<div>Car beaucoup sont\u00a0<strong>om\u00e9ga 3<\/strong>\u00a0suppl\u00e9ments l&#039;un des derniers suppl\u00e9ments auxquels ils pensent. Cependant, ils devraient \u00eatre en haut de la liste.\u00a0<strong>om\u00e9ga 3<\/strong>\u00a0est un suppl\u00e9ment de base pour chaque athl\u00e8te.<\/div>\n<div><\/div>\n<div><strong>om\u00e9ga 3<\/strong>\u00a0les acides gras contribuent \u00e0 une bonne sant\u00e9, ils favorisent les performances sportives et sont une arme efficace lors des r\u00e9gimes.<\/div>\n<div><\/div>\n<div><\/div>\n<div><strong>1)\u00a0\u00a0\u00a0\u00a0\u00a0\u00a0<\/strong><strong>Propri\u00e9t\u00e9s favorables \u00e0 la sant\u00e9 des om\u00e9ga 3<\/strong><\/div>\n<div><strong>\u00a0<\/strong><\/div>\n<div>Pour\u00a0<strong>om\u00e9ga 3<\/strong>\u00a0il existe de nombreuses indications de propri\u00e9t\u00e9s b\u00e9n\u00e9fiques pour la sant\u00e9 de toutes sortes, allant de la pr\u00e9servation des dents, la pr\u00e9vention et le traitement de la d\u00e9pression, \u00e0 la protection contre les coups de soleil. Nous soulignons les principaux :<\/div>\n<div><\/div>\n<div><strong><em>Anti-\u00e2ge<\/em><\/strong><\/div>\n<div><strong>om\u00e9ga 3<\/strong>\u00a0les acides gras ralentissent le vieillissement au niveau mol\u00e9culaire1. Le plus\u00a0<strong>om\u00e9ga 3<\/strong>\u00a0acides gras que vous avez dans votre sang, plus les cellules de votre corps vieillissent lentement.<\/div>\n<div><strong>\u00a0<\/strong><\/div>\n<div><strong><em>Une bonne gestion du cholest\u00e9rol et un c\u0153ur sain<\/em><\/strong><\/div>\n<div><strong>om\u00e9ga 3<\/strong>\u00a0Les acides gras abaissent le mauvais cholest\u00e9rol (LDL) et augmentent le bon cholest\u00e9rol (HDL). Ceci est certainement important dans la pr\u00e9vention des maladies cardiovasculaires.<\/div>\n<div><strong>om\u00e9ga 3<\/strong>\u00a0les acides gras abaissent \u00e9galement la concentration de triglyc\u00e9rides dans le sang. Ils abaissent \u00e9galement la tension art\u00e9rielle et ont donc un effet b\u00e9n\u00e9fique sur la sant\u00e9 cardiaque.<\/div>\n<div><\/div>\n<div><strong>O<em>anti-inflammatoire<\/em><\/strong><\/div>\n<div>Les propri\u00e9t\u00e9s anti-inflammatoires de\u00a0<strong>om\u00e9ga 3<\/strong>\u00a0les acides gras ont \u00e9t\u00e9 d\u00e9crits dans de nombreuses \u00e9tudes. De nombreuses \u00e9tudes soulignent l&#039;importance de\u00a0<strong>om\u00e9ga 3<\/strong>\u00a0dans le cadre de l&#039;alimentation quotidienne ou en compl\u00e9ment.<\/div>\n<div><\/div>\n<div><strong>2)\u00a0\u00a0\u00a0\u00a0\u00a0\u00a0<\/strong><strong>Om\u00e9ga 3 et performance sportive<\/strong><\/div>\n<div><strong>\u00a0<\/strong><\/div>\n<div><strong>om\u00e9ga 3<\/strong>\u00a0les acides gras fonctionnent\u00a0<strong><em>anti-catabolique<\/em><\/strong>2: en tant qu&#039;athl\u00e8tes de force une bonne dose quotidienne\u00a0<strong>om\u00e9ga 3<\/strong>\u00a0acides gras, cela augmente la capacit\u00e9 de r\u00e9cup\u00e9ration de leurs muscles.<\/div>\n<div>Un r\u00e9gime avec beaucoup de\u00a0<strong>om\u00e9ga 3<\/strong>\u00a0les acides gras rendent les muscles plus sensibles \u00e0 l&#039;insuline et r\u00e9duisent ainsi la d\u00e9gradation des prot\u00e9ines.<\/div>\n<div>De plus, les prot\u00e9ines construisent plus de masse musculaire si vous les mangez\u00a0<strong>om\u00e9ga 3<\/strong>\u00a0acides gras lorsqu&#039;ils sont utilis\u00e9s 3. Prenez-en quotidiennement\u00a0<strong>om\u00e9ga 3<\/strong>g\u00e9lules et vos shakes prot\u00e9in\u00e9s stimuleront davantage la croissance de vos muscles. Vous pouvez le d\u00e9duire de diverses \u00e9tudes m\u00e9dicales.<\/div>\n<div><\/div>\n<div><strong>3)\u00a0\u00a0\u00a0\u00a0\u00a0\u00a0<\/strong><strong>Om\u00e9ga 3 et r\u00e9gime<\/strong><\/div>\n<div><strong>\u00a0<\/strong><\/div>\n<div><strong>om\u00e9ga 3<\/strong>\u00a0les acides gras ont d\u00e9j\u00e0 prouv\u00e9 leur utilit\u00e9 comme aide \u00e0 la perte de poids, comme le montrent diverses \u00e9tudes. \u00ab\u00a0Perdre du poids est plus rapide avec le poisson et l&#039;huile de poisson (<strong>om\u00e9ga 3<\/strong>) capsules \u00bb, \u00e9crit une \u00e9quipe de chercheurs islandais, espagnols et irlandais dans l&#039;International Journal of Obesity4. l&#039;huile de poisson (<strong>om\u00e9ga 3<\/strong>) augmente ainsi la combustion des graisses5 . De plus, utilisez-vous\u00a0<strong>om\u00e9ga 3<\/strong>acides gras en combinaison avec le sport, vous renforcez l&#039;effet de l&#039;entra\u00eenement sur la perte de graisse et la masse musculaire maigre6.<\/div>\n<div><\/div>\n<div>\n<table style=\"width: 621px;\" border=\"1\" cellspacing=\"0\" cellpadding=\"0\" align=\"left\">\n<tbody>\n<tr>\n<td valign=\"top\" width=\"187\">\n<div><strong>La valeur nutritionnelle<\/strong><\/div>\n<\/td>\n<td valign=\"top\" width=\"198\">\n<div align=\"right\"><strong>Par 3 g\u00e9lules (= 3 portions)<\/strong><\/div>\n<\/td>\n<td valign=\"top\" width=\"78\">\n<div align=\"center\"><strong>% RDA<\/strong><\/div>\n<\/td>\n<td valign=\"top\" width=\"158\">\n<div align=\"right\"><strong>Par 100g<\/strong><\/div>\n<\/td>\n<\/tr>\n<tr>\n<td valign=\"top\" width=\"187\">\n<div><strong>\u00c9nergie<\/strong><\/div>\n<\/td>\n<td valign=\"top\" width=\"198\">\n<div align=\"right\">30 kcal \/ 125,6 kJ<\/div>\n<\/td>\n<td valign=\"top\" width=\"78\">\n<div align=\"right\"><\/div>\n<\/td>\n<td valign=\"top\" width=\"158\">\n<div align=\"right\">682 kcal \/ 2854 kJ<\/div>\n<\/td>\n<\/tr>\n<tr>\n<td valign=\"top\" width=\"187\">\n<div><strong>graisses<\/strong><\/div>\n<div>de quoi :<\/div>\n<div>\u00a0\u00a0\u00a0 - graisses satur\u00e9es<\/div>\n<div>\u00a0\u00a0\u00a0 \u2013 les graisses polyinsatur\u00e9es :<\/div>\n<div>\u00a0\u00a0\u00a0\u00a0\u00a0\u00a0\u00a0\u00a0 - Om\u00e9ga 3:<\/div>\n<div>\u00a0\u00a0\u00a0\u00a0\u00a0\u00a0\u00a0\u00a0\u00a0\u00a0\u00a0\u00a0 \u00a0\u00a0\u00a0\u00a0\u00a0\u00a0\u00a0\u00a0\u2013 EPA<\/div>\n<div>\u00a0\u00a0\u00a0\u00a0\u00a0\u00a0\u00a0\u00a0\u00a0\u00a0\u00a0\u00a0\u00a0\u00a0 \u00a0\u00a0\u00a0\u00a0\u00a0\u00a0\u2013 DHA<\/div>\n<\/td>\n<td valign=\"top\" width=\"198\">\n<div align=\"right\">3g<\/div>\n<div align=\"right\"><\/div>\n<div align=\"right\">&lt;1.5g<\/div>\n<div align=\"right\">1,5g<\/div>\n<div align=\"right\">900mg<\/div>\n<div align=\"right\">540mg<\/div>\n<div align=\"right\">360mg<\/div>\n<\/td>\n<td valign=\"top\" width=\"78\">\n<div align=\"center\">*<\/div>\n<div align=\"center\"><\/div>\n<div align=\"center\">*<\/div>\n<div align=\"center\">*<\/div>\n<div align=\"center\">*<\/div>\n<div align=\"center\">*<\/div>\n<div align=\"center\">*<\/div>\n<\/td>\n<td valign=\"top\" width=\"158\">\n<div align=\"right\">75.76g<\/div>\n<div align=\"right\"><\/div>\n<div align=\"right\">&lt;37.88g<\/div>\n<div align=\"right\">37.88g<\/div>\n<div align=\"right\">22.73g<\/div>\n<div align=\"right\">13.64g<\/div>\n<div align=\"right\">9.09g<\/div>\n<\/td>\n<\/tr>\n<tr>\n<td valign=\"top\" width=\"187\">\n<div><strong>Vitamine E\u00a0<\/strong>(Tocoph\u00e9rol)<\/div>\n<\/td>\n<td valign=\"top\" width=\"198\">\n<div align=\"right\">20mg<\/div>\n<\/td>\n<td valign=\"top\" width=\"78\">\n<div align=\"center\">200%<\/div>\n<\/td>\n<td valign=\"top\" width=\"158\">\n<div align=\"right\">0.51g<\/div>\n<\/td>\n<\/tr>\n<tr>\n<td colspan=\"4\" valign=\"top\" width=\"621\">\n<div>AJR = Apport Journalier Recommand\u00e9<\/div>\n<div>* = RDA non \u00e9tabli<\/div>\n<\/td>\n<\/tr>\n<\/tbody>\n<\/table>\n<\/div>\n<div><\/div>\n<div><\/div>\n<div><\/div>\n<div><\/div>\n<div><\/div>\n<div><\/div>\n<div><\/div>\n<div><\/div>\n<div><\/div>\n<div><\/div>\n<div><\/div>\n<div><\/div>\n<div><\/div>\n<div><\/div>\n<div><\/div>\n<div><\/div>","protected":false},"excerpt":{"rendered":"<p><strong>om\u00e9ga 3<\/strong>\u00a0les acides gras contribuent \u00e0 une bonne sant\u00e9, ils favorisent les performances sportives et sont une arme efficace lors des r\u00e9gimes.<br \/>\n<strong>Emballage:<\/strong>\u00a0180 g\u00e9lules<\/p>","protected":false},"featured_media":113,"template":"","meta":{"_seopress_robots_primary_cat":"","_seopress_titles_title":"","_seopress_titles_desc":"","_seopress_robots_index":"","_kad_blocks_custom_css":"","_kad_blocks_head_custom_js":"","_kad_blocks_body_custom_js":"","_kad_blocks_footer_custom_js":"","_kad_post_transparent":"default","_kad_post_title":"","_kad_post_layout":"default","_kad_post_sidebar_id":"","_kad_post_content_style":"default","_kad_post_vertical_padding":"default","_kad_post_feature":"","_kad_post_feature_position":"","_kad_post_header":false,"_kad_post_footer":false,"_kad_post_classname":""},"product_brand":[],"product_cat":[42,38,40,43],"product_tag":[18,17],"class_list":{"0":"post-112","1":"product","2":"type-product","3":"status-publish","4":"has-post-thumbnail","6":"product_cat-gezondheid","7":"product_cat-merken","8":"product_cat-syntech-nutrition","9":"product_cat-vitaminen-mineralen","10":"product_tag-omega3","11":"product_tag-syntech","13":"first","14":"instock","15":"taxable","16":"shipping-taxable","17":"purchasable","18":"product-type-simple","19":"entry","20":"content-bg","21":"loop-entry"},"taxonomy_info":{"product_cat":[{"value":42,"label":"Gezondheid"},{"value":38,"label":"Merken"},{"value":40,"label":"Syntech Nutrition"},{"value":43,"label":"Vitaminen - Mineralen"}],"product_tag":[{"value":18,"label":"omega3"},{"value":17,"label":"syntech"}]},"featured_image_src_large":["https:\/\/body2fit.be\/wp-content\/uploads\/2021\/06\/SynTech-Omega-3-180caps.png",600,600,false],"author_info":[],"comment_info":"","_links":{"self":[{"href":"https:\/\/body2fit.be\/fr\/wp-json\/wp\/v2\/product\/112","targetHints":{"allow":["GET"]}}],"collection":[{"href":"https:\/\/body2fit.be\/fr\/wp-json\/wp\/v2\/product"}],"about":[{"href":"https:\/\/body2fit.be\/fr\/wp-json\/wp\/v2\/types\/product"}],"wp:featuredmedia":[{"embeddable":true,"href":"https:\/\/body2fit.be\/fr\/wp-json\/wp\/v2\/media\/113"}],"wp:attachment":[{"href":"https:\/\/body2fit.be\/fr\/wp-json\/wp\/v2\/media?parent=112"}],"wp:term":[{"taxonomy":"product_brand","embeddable":true,"href":"https:\/\/body2fit.be\/fr\/wp-json\/wp\/v2\/product_brand?post=112"},{"taxonomy":"product_cat","embeddable":true,"href":"https:\/\/body2fit.be\/fr\/wp-json\/wp\/v2\/product_cat?post=112"},{"taxonomy":"product_tag","embeddable":true,"href":"https:\/\/body2fit.be\/fr\/wp-json\/wp\/v2\/product_tag?post=112"}],"curies":[{"name":"wp","href":"https:\/\/api.w.org\/{rel}","templated":true}]}}