{"id":124,"date":"2013-10-14T00:00:00","date_gmt":"2013-10-14T00:00:00","guid":{"rendered":"https:\/product\/syntech-syntsize-pump"},"modified":"2025-04-22T18:39:58","modified_gmt":"2025-04-22T18:39:58","slug":"syntech-syntsize-pump","status":"publish","type":"product","link":"https:\/\/body2fit.be\/fr\/shop\/syntech-syntsize-pump\/","title":{"rendered":"Pompe SynTech SynTsize"},"content":{"rendered":"<div><strong>Pompe SynTsize<\/strong>\u00a0est un produit de pr\u00e9-entra\u00eenement de derni\u00e8re g\u00e9n\u00e9ration qui offre une augmentation significative de la puissance explosive, un plus grand volume musculaire, une production optimale d&#039;ATP et favorise une r\u00e9cup\u00e9ration plus rapide.\u00a0<strong>Pompe SynTsize\u00a0<\/strong>vous donne une pompe musculaire incroyable et contribue \u00e0 une plus grande capacit\u00e9 d&#039;entra\u00eenement et \u00e0 un renforcement musculaire.<\/div>\n<div><\/div>\n<div><strong>Pompe SynTsize<\/strong>\u00a0assure une plus grande production de NO, entra\u00eenant une circulation sanguine plus rapide, une circulation sanguine accrue vers et depuis les muscles qui travaillent, un transport am\u00e9lior\u00e9 de l&#039;oxyg\u00e8ne et ainsi un apport optimal de nutriments et d&#039;hormones aux muscles. La formule de\u00a0<strong>Pompe SynTsize<\/strong>\u00a0est bas\u00e9 sur des ingr\u00e9dients fonctionnant en synergie.<\/div>\n<div><\/div>\n<div><strong>Les ingr\u00e9dients cl\u00e9s par portion<\/strong><\/div>\n<div><\/div>\n<ul>\n<li style=\"list-style-type: none;\">\n<ul>\n<li><strong>5g Double Action SANS Complexe \u2013\u00a0<\/strong><strong>Pompe SynTsize<\/strong>\u00a0combine\u00a0<strong>3g<\/strong>\u00a0<strong>Alpha-c\u00e9toglutarate d&#039;arginine\u00a0<\/strong>avec\u00a0<strong>2g<\/strong>\u00a0<strong>Malate de Citrulline<\/strong>. L&#039;alpha-c\u00e9toglutarate d&#039;arginine est converti en azote dans le corps ! Plus d&#039;azote augmente le flux sanguin vers les muscles, acc\u00e9l\u00e9rant la r\u00e9cup\u00e9ration et vous donnant la pompe pendant et apr\u00e8s l&#039;exercice. Donc plus d&#039;azote signifie plus de gains musculaires, une meilleure pompe et une meilleure r\u00e9cup\u00e9ration. Le malate de citrulline est une forme de sel de l&#039;acide amin\u00e9 citrulline. Il joue un r\u00f4le important dans l&#039;\u00e9quilibre du NO et d&#039;autres processus m\u00e9taboliques. Le malate de citrulline am\u00e9liore l&#039;\u00e9quilibre de l&#039;oxyg\u00e8ne dans la cellule musculaire et augmente \u00e9galement la r\u00e9utilisation de l&#039;acide lactique et assure la production d&#039;\u00e9nergie dans les cellules musculaires. Le malate de citrulline augmente la production d&#039;ATP a\u00e9robie dans les cellules musculaires et permet une r\u00e9duction notable de la fatigue et une augmentation des performances a\u00e9robies. Le malate de citrulline acc\u00e9l\u00e8re la reproduction de la phosphocr\u00e9atine en 20%. Cela signifie que vous r\u00e9cup\u00e9rez plus rapidement entre les diff\u00e9rentes s\u00e9ances de musculation, de sorte que vos muscles se d\u00e9veloppent plus rapidement. La combinaison d&#039;arginine AKG et de malate de citrulline est extr\u00eamement efficace pour augmenter la pompe musculaire et am\u00e9liorer l&#039;endurance.<\/li>\n<\/ul>\n<\/li>\n<\/ul>\n<ul>\n<li style=\"list-style-type: none;\">\n<ul>\n<li><strong>3g Crea-Trona\u00ae \u2013\u00a0<\/strong><strong>double\u00a0<\/strong><strong>cr\u00e9atine ultrapure tamponn\u00e9e<\/strong><strong>pour plus de force et une croissance musculaire acc\u00e9l\u00e9r\u00e9e.\u00a0<\/strong>Au lieu d&#039;utiliser de la cr\u00e9atine alcaline, choisissez\u00a0<strong>SynTech\u2122\u00a0<\/strong>pour\u00a0<strong>Cr\u00e9a-Trona\u00ae<\/strong>, la cr\u00e9atine la plus stable dans l&#039;environnement acide de l&#039;estomac et qui a \u00e9galement une absorption encore meilleure. Le tampon bicarbonate de sodium dans\u00a0<strong>Cr\u00e9a-Trona\u00ae<\/strong>\u00a0fournit \u00e9galement un soutien pour le propre tampon de bicarbonate du corps, ce qui se traduit par de meilleures performances lors d&#039;un entra\u00eenement intensif. Selon le fabricant, le produit a un effet optimal \u00e0 partir de 3g. Avec\u00a0<strong>Cr\u00e9a-Trona\u00ae<\/strong>\u00a0vous avez donc une absorption 100% et aucune r\u00e9tention d&#039;eau, id\u00e9ale pour augmenter la force et la masse musculaire maigre.<\/li>\n<li><strong>2g de m\u00e9lange de BCAA<\/strong>\u00a0\u2013 pr\u00e9sent dans le rapport id\u00e9al 2:1:1. Les BCAA repr\u00e9sentent environ 1\/3 de notre masse musculaire et jouent un r\u00f4le important dans la construction de la masse musculaire et la pr\u00e9vention de la d\u00e9gradation musculaire \u00e0 la suite d&#039;un entra\u00eenement intensif.<\/li>\n<li><strong>2g de b\u00eata-alanine<\/strong>\u00a0\u2013 La b\u00eata-alanine est un tampon d&#039;acide lactique qui augmente les concentrations de carnosine dans les muscles. Une concentration accrue en carnosine garantit que la fatigue musculaire est retard\u00e9e de mani\u00e8re tr\u00e8s efficace gr\u00e2ce \u00e0 divers m\u00e9canismes biochimiques. Une concentration accrue de carnosine est utile pour tout type d&#039;athl\u00e8te. Les athl\u00e8tes d&#039;endurance ont moins d&#039;acidification et une meilleure endurance. La puissance explosive et la puissance de pointe \u00e0 la fin d&#039;un effort de longue dur\u00e9e sont \u00e9galement influenc\u00e9es positivement, ainsi qu&#039;une augmentation de la capacit\u00e9 d&#039;entra\u00eenement et de l&#039;\u00e9nergie. Les athl\u00e8tes de force am\u00e9liorent la r\u00e9cup\u00e9ration avec la b\u00eata-alanine, ont une circulation sanguine optimale dans les muscles et une endurance musculaire am\u00e9lior\u00e9e.<\/li>\n<li><strong>1,5g de taurine<\/strong>\u00a0\u2013 La taurine est un carburant important pour les muscles et le cerveau. Cet ingr\u00e9dient de type acide amin\u00e9 favorise la d\u00e9gradation de l&#039;acide lactique, augmente l&#039;endurance et soutient les performances sportives.<\/li>\n<\/ul>\n<\/li>\n<\/ul>\n<ul>\n<li><strong>M\u00e9lange d&#039;\u00e9nergie et de concentration mentale 1,8 g\u00a0<\/strong>compos\u00e9 de\u00a0<strong>500 mg de guarana, 500 mg de th\u00e9obromine\u00a0<\/strong>et<strong>\u00a0800 mg de tyrosine<\/strong>\u00a0\u2013 ces substances ont diverses propri\u00e9t\u00e9s de soutien sportif : elles augmentent la concentration, am\u00e9liorent la vitesse de r\u00e9action et la vigilance et aident \u00e0 retarder la fatigue.<\/li>\n<\/ul>\n<p>La formule de\u00a0<strong>Pompe SynTsize<\/strong>\u00a0est bas\u00e9 sur des ingr\u00e9dients fonctionnant en synergie qui assurent un effet maximal.<\/p>\n<p>Convient \u00e0:<\/p>\n<ul>\n<li>Remise en forme et musculation<\/li>\n<li>Arts martiaux &amp; MMA &amp; Boxe<\/li>\n<li>Athl\u00e9tisme<\/li>\n<li>Football et sports sur terrain<\/li>\n<li>Cyclisme<\/li>\n<li>Marathon et triathlon<\/li>\n<li>Halt\u00e9rophilie<\/li>\n<\/ul>","protected":false},"excerpt":{"rendered":"<p><strong>Pompe SynTsize<\/strong>\u00a0est un produit de pr\u00e9-entra\u00eenement tout-en-un de derni\u00e8re g\u00e9n\u00e9ration.\u00a0<strong>Pompe SynTsize\u00a0<\/strong>contient des doses \u00e9lev\u00e9es d&#039;ingr\u00e9dients actifs et contient 2 g de BCAA par portion qui maintiennent les niveaux d&#039;acides amin\u00e9s pendant l&#039;exercice. Conditionnement : Pot 600 grammes<\/p>","protected":false},"featured_media":12090,"template":"","meta":{"_seopress_robots_primary_cat":"none","_seopress_titles_title":"","_seopress_titles_desc":"","_seopress_robots_index":"","_kad_blocks_custom_css":"","_kad_blocks_head_custom_js":"","_kad_blocks_body_custom_js":"","_kad_blocks_footer_custom_js":"","_kad_post_transparent":"default","_kad_post_title":"","_kad_post_layout":"default","_kad_post_sidebar_id":"","_kad_post_content_style":"default","_kad_post_vertical_padding":"default","_kad_post_feature":"","_kad_post_feature_position":"","_kad_post_header":false,"_kad_post_footer":false,"_kad_post_classname":""},"product_brand":[],"product_cat":[38,51,39,40],"product_tag":[19,20,17],"class_list":{"0":"post-124","1":"product","2":"type-product","3":"status-publish","4":"has-post-thumbnail","6":"product_cat-merken","7":"product_cat-pre-workout","8":"product_cat-spieropbouw-kracht","9":"product_cat-syntech-nutrition","10":"product_tag-pre-workout","11":"product_tag-pump","12":"product_tag-syntech","14":"first","15":"instock","16":"taxable","17":"shipping-taxable","18":"purchasable","19":"product-type-variable","20":"entry","21":"content-bg","22":"loop-entry"},"taxonomy_info":{"product_cat":[{"value":38,"label":"Merken"},{"value":51,"label":"Pre-Workout"},{"value":39,"label":"Spieropbouw &amp; Kracht"},{"value":40,"label":"Syntech Nutrition"}],"product_tag":[{"value":19,"label":"pre-workout"},{"value":20,"label":"pump"},{"value":17,"label":"syntech"}]},"featured_image_src_large":["https:\/\/body2fit.be\/wp-content\/uploads\/2021\/06\/SynTsize-Pump-600gr.jpg",800,800,false],"author_info":[],"comment_info":"","_links":{"self":[{"href":"https:\/\/body2fit.be\/fr\/wp-json\/wp\/v2\/product\/124","targetHints":{"allow":["GET"]}}],"collection":[{"href":"https:\/\/body2fit.be\/fr\/wp-json\/wp\/v2\/product"}],"about":[{"href":"https:\/\/body2fit.be\/fr\/wp-json\/wp\/v2\/types\/product"}],"wp:featuredmedia":[{"embeddable":true,"href":"https:\/\/body2fit.be\/fr\/wp-json\/wp\/v2\/media\/12090"}],"wp:attachment":[{"href":"https:\/\/body2fit.be\/fr\/wp-json\/wp\/v2\/media?parent=124"}],"wp:term":[{"taxonomy":"product_brand","embeddable":true,"href":"https:\/\/body2fit.be\/fr\/wp-json\/wp\/v2\/product_brand?post=124"},{"taxonomy":"product_cat","embeddable":true,"href":"https:\/\/body2fit.be\/fr\/wp-json\/wp\/v2\/product_cat?post=124"},{"taxonomy":"product_tag","embeddable":true,"href":"https:\/\/body2fit.be\/fr\/wp-json\/wp\/v2\/product_tag?post=124"}],"curies":[{"name":"wp","href":"https:\/\/api.w.org\/{rel}","templated":true}]}}