{"id":171,"date":"2013-11-18T00:00:00","date_gmt":"2013-11-18T00:00:00","guid":{"rendered":"https:\/product\/synpro-pure-mass"},"modified":"2025-10-23T21:06:05","modified_gmt":"2025-10-23T21:06:05","slug":"syntsize-mass-gainer","status":"publish","type":"product","link":"https:\/\/body2fit.be\/fr\/shop\/syntsize-mass-gainer\/","title":{"rendered":"SynTsize Mass gainer 4.6kg"},"content":{"rendered":"<p style=\"padding-left: 40px;\"><span style=\"background-color: #ffff99;\">\u00a0<strong>Utilisation recommand\u00e9e:<\/strong><\/span><\/p>\n<div><span style=\"background-color: #ffff99;\">1 portion = m\u00e9langer 2 cuill\u00e8res (125g) avec 300ml d&#039;eau. Prendre 2 \u00e0 3 portions par jour, tous les jours de la semaine.<\/span><\/div>\n<div><span style=\"background-color: #ffff99;\">\u00a0<\/span><\/div>\n<div><span style=\"background-color: #ffff99;\"><strong>Les jours de formation\u00a0:\u00a0<\/strong>prendre 1 portion entre les repas et 1 portion apr\u00e8s l&#039;entra\u00eenement. Si n\u00e9cessaire, prendre 1 portion le soir.<\/span><\/div>\n<div><span style=\"background-color: #ffff99;\"><strong>Les jours de repos :\u00a0<\/strong>prendre 1 dose le matin entre les repas, 1 dose l&#039;apr\u00e8s-midi entre les repas et \u00e9ventuellement 1 dose le soir.<\/span><\/div>\n<div><span style=\"background-color: #ffff99;\"><strong>\u00a0<\/strong><strong>\u00a0<\/strong><\/span><\/div>\n<div><span style=\"background-color: #ffff99;\"><strong>Emballage:<\/strong><\/span><\/div>\n<div><span style=\"background-color: #ffff99;\"><strong>\u00a0<\/strong><\/span><\/div>\n<div><span style=\"background-color: #ffff99;\">5kg = 40 portions<\/span><\/div>\n<p><span style=\"background-color: #ffff99;\">SynTech\u2122 zette SynTech SynTsize <\/span><strong style=\"background-color: #ffff99; font-family: var(--global-body-font-family);\">Mass<\/strong><span style=\"background-color: #ffff99; font-family: var(--global-body-font-family);\">\u00a0sur le march\u00e9 dans le but de lib\u00e9rer un gainer facilement digestible, qui se m\u00e9lange facilement dans peu d&#039;eau et qui favorise efficacement la prise de poids.<\/span><\/p>\n<div>La plupart des fabricants commercialisent des gainers riches en calories, mais en raison de leur composition, ils sont lourds pour l&#039;estomac ou difficiles \u00e0 m\u00e9langer ou \u00e0 m\u00e9langer avec d&#039;\u00e9normes quantit\u00e9s de liquide. Ces gainers peuvent contenir une bonne dose de calories, mais saper l&#039;app\u00e9tit pour le(s) prochain(s) repas. En cons\u00e9quence, la consommation nette de calories suppl\u00e9mentaires est moins que souhaitable.<\/div>\n<div><\/div>\n<div>Avec <strong>Masse synTsize<\/strong> SynTech\u2122 lib\u00e8re un shake savoureux et facilement digestible qui se dissout facilement dans une petite quantit\u00e9 d&#039;eau. Contrairement \u00e0 de nombreux autres gagnants, vous pouvez <strong>Masse synTsize<\/strong>\u00a0boire facilement 2 \u00e0 3 shakes sans inhiber l&#039;app\u00e9tit. L&#039;ajout de FOS (fructooligosaccharides, ce sont des fibres solubles) optimise la digestion.<\/div>\n<div><\/div>\n<div>Dans le d\u00e9veloppement de <strong>Masse synTsize<\/strong> diff\u00e9rents pourcentages de mati\u00e8res grasses dans la composition ont \u00e9galement \u00e9t\u00e9 test\u00e9s (10%, 5% et moins de 2%). La digestibilit\u00e9 s&#039;est av\u00e9r\u00e9e optimale avec le pourcentage de graisse le plus faible. SynTech\u2122 a donc opt\u00e9 pour un shake avec moins de 1% de graisse qui contient \u00e9galement du CLA.<\/div>\n<div><\/div>\n<div>Les hardgainers b\u00e9n\u00e9ficient le plus d&#039;un shake riche en glucides, mais qui contient \u00e9galement un minimum de 25 g de prot\u00e9ines par portion. Chaque portion contient \u00e9galement un peu plus de 85 g de glucides, principalement de la maltodextrine. Il s&#039;agit d&#039;un glucide complexe de haute qualit\u00e9 qui est absorb\u00e9 plus lentement, fournit une \u00e9nergie durable et maintient une glyc\u00e9mie constante.<\/div>\n<div><\/div>\n<div>SynTech\u2122 utilis\u00e9 dans le <strong>Masse synTsize<\/strong><strong>\u00a0<\/strong>une matrice exclusive de lib\u00e9ration dans le temps et des BCAA ont \u00e9t\u00e9 ajout\u00e9s. Cette matrice contient une gamme d&#039;acides amin\u00e9s et de prot\u00e9ines, chacun avec un taux d&#039;absorption diff\u00e9rent. Celles-ci vont d&#039;extr\u00eamement rapides (BCAA, hydrolysat de prot\u00e9ines de lactos\u00e9rum et isolat de prot\u00e9ines de lactos\u00e9rum) \u00e0 rapides (concentr\u00e9 de prot\u00e9ines de lactos\u00e9rum), interm\u00e9diaires (prot\u00e9ines d&#039;\u0153uf) et \u00e0 absorption lente (cas\u00e9ine micellaire). En ajoutant des BCAA suppl\u00e9mentaires, chaque portion contient <strong>Masse synTsize<\/strong>\u00a0un \u00e9norme 7g de BCAA !<\/div>\n<div><\/div>\n<div>SynTech\u2122 a \u00e9galement ajout\u00e9 un complexe ZMA \u00e0 la formule. L&#039;exercice intense peut entra\u00eener une baisse rapide des niveaux de zinc et de magn\u00e9sium des athl\u00e8tes. Les carences en zinc et en magn\u00e9sium peuvent entra\u00eener une baisse de la production de testost\u00e9rone, des crampes, un \u00e9puisement et une l\u00e9thargie. Des \u00e9tudes confirment que la suppl\u00e9mentation en ZMA peut entra\u00eener une augmentation de la production de testost\u00e9rone.<\/div>\n<div><\/div>\n<div><\/div>\n<div><\/div>\n<div>\n<table style=\"width: 583px;\" border=\"1\" cellspacing=\"0\" cellpadding=\"0\" align=\"left\">\n<tbody>\n<tr>\n<td valign=\"top\" width=\"243\">\n<div><strong>La valeur nutritionnelle<\/strong><\/div>\n<\/td>\n<td valign=\"top\" width=\"160\">\n<div><strong>Par 250g (= 2 portions)<\/strong><\/div>\n<\/td>\n<td valign=\"top\" width=\"58\">\n<div><strong>% RDA<\/strong><\/div>\n<\/td>\n<td valign=\"top\" width=\"122\">\n<div><strong>Par 100g<\/strong><\/div>\n<\/td>\n<\/tr>\n<tr>\n<td valign=\"top\" width=\"243\">\n<div><strong>\u00c9nergie<\/strong><\/div>\n<\/td>\n<td valign=\"top\" width=\"160\">\n<div align=\"right\">932 kcal \/ 3894 kJ<\/div>\n<\/td>\n<td valign=\"top\" width=\"58\">\n<div align=\"center\"><\/div>\n<\/td>\n<td valign=\"top\" width=\"122\">\n<div align=\"right\">373 kcal \/ 1558 kJ<\/div>\n<\/td>\n<\/tr>\n<tr>\n<td valign=\"top\" width=\"243\">\n<div><strong>Prot\u00e9ine<\/strong><\/div>\n<\/td>\n<td valign=\"top\" width=\"160\">\n<div align=\"right\">53,3 g<\/div>\n<\/td>\n<td valign=\"top\" width=\"58\">\n<div align=\"center\">*<\/div>\n<\/td>\n<td valign=\"top\" width=\"122\">\n<div align=\"right\">21,3 g<\/div>\n<\/td>\n<\/tr>\n<tr>\n<td valign=\"top\" width=\"243\">\n<div><strong>Glucides<\/strong><\/div>\n<\/td>\n<td valign=\"top\" width=\"160\">\n<div align=\"right\">178.25g<\/div>\n<\/td>\n<td valign=\"top\" width=\"58\">\n<div align=\"center\">*<\/div>\n<\/td>\n<td valign=\"top\" width=\"122\">\n<div align=\"right\">71,3 g<\/div>\n<\/td>\n<\/tr>\n<tr>\n<td valign=\"top\" width=\"243\">\n<div><strong>graisses<\/strong><\/div>\n<div>de quoi :<\/div>\n<div>\u00a0\u00a0\u00a0\u00a0 CLA<\/div>\n<\/td>\n<td valign=\"top\" width=\"160\">\n<div align=\"right\">1,85g<\/div>\n<div align=\"right\"><\/div>\n<div align=\"right\">1,25 g<\/div>\n<\/td>\n<td valign=\"top\" width=\"58\">\n<div align=\"center\">*<\/div>\n<div align=\"center\"><\/div>\n<div align=\"center\">*<\/div>\n<\/td>\n<td valign=\"top\" width=\"122\">\n<div align=\"right\">0,74g<\/div>\n<div align=\"right\"><\/div>\n<div align=\"right\">0.5g<\/div>\n<\/td>\n<\/tr>\n<tr>\n<td valign=\"top\" width=\"243\">\n<div><strong><em><span style=\"text-decoration: underline;\">Complexe BCAA\u00a0:<\/span><\/em><\/strong><\/div>\n<div><strong>Leucine<\/strong><\/div>\n<div><strong>isoleucine<\/strong><\/div>\n<div><strong>valine<\/strong><\/div>\n<\/td>\n<td valign=\"top\" width=\"160\">\n<div align=\"right\">2.7g<\/div>\n<div align=\"right\">1,35g<\/div>\n<div align=\"right\">0,675g<\/div>\n<div align=\"right\">0,675g<\/div>\n<\/td>\n<td valign=\"top\" width=\"58\">\n<div align=\"center\"><\/div>\n<div align=\"center\">*<\/div>\n<div align=\"center\">*<\/div>\n<div align=\"center\">*<\/div>\n<\/td>\n<td valign=\"top\" width=\"122\">\n<div align=\"right\">1,08 g<\/div>\n<div align=\"right\">0.54g<\/div>\n<div align=\"right\">0.27g<\/div>\n<div align=\"right\">0.27g<\/div>\n<\/td>\n<\/tr>\n<tr>\n<td valign=\"top\" width=\"243\">\n<div><strong><em><span style=\"text-decoration: underline;\">Complexe ZMA\u00a0:<\/span><\/em><\/strong><\/div>\n<div><strong>Zinc<\/strong><\/div>\n<div><strong>Magn\u00e9sium<\/strong><\/div>\n<\/td>\n<td valign=\"top\" width=\"160\">\n<div align=\"right\"><\/div>\n<div align=\"right\">5,07 mg<\/div>\n<div align=\"right\">186,55 mg<\/div>\n<\/td>\n<td valign=\"top\" width=\"58\">\n<div align=\"center\"><\/div>\n<div align=\"center\">51%<\/div>\n<div align=\"center\">50%<\/div>\n<\/td>\n<td valign=\"top\" width=\"122\">\n<div align=\"right\"><\/div>\n<div align=\"right\">2,03 mg<\/div>\n<div align=\"right\">74,62 mg<\/div>\n<\/td>\n<\/tr>\n<tr>\n<td valign=\"top\" width=\"243\">\n<div><strong><em><span style=\"text-decoration: underline;\">Complexe de vitamines :<\/span><\/em><\/strong><\/div>\n<div><strong>Vitamine B1<\/strong><\/div>\n<div><strong>Vitamine B2<\/strong><\/div>\n<div><strong>Vitamine B3<\/strong><\/div>\n<div><strong>Vitamine B5<\/strong><\/div>\n<div><strong>Vitamine B6<\/strong><\/div>\n<div><strong>Vitamine B12<\/strong><\/div>\n<\/td>\n<td valign=\"top\" width=\"160\">\n<div align=\"right\"><\/div>\n<div align=\"right\">0,55 mg<\/div>\n<div align=\"right\">0,70 mg<\/div>\n<div align=\"right\">7,95 mg<\/div>\n<div align=\"right\">3,00 mg<\/div>\n<div align=\"right\">0,7 mg<\/div>\n<div align=\"right\">1,37 \u00b5g<\/div>\n<\/td>\n<td valign=\"top\" width=\"58\">\n<div><\/div>\n<div align=\"center\">50%<\/div>\n<div align=\"center\">50%<\/div>\n<div align=\"center\">50%<\/div>\n<div align=\"center\">50%<\/div>\n<div align=\"center\">50%<\/div>\n<div align=\"center\">55%<\/div>\n<\/td>\n<td valign=\"top\" width=\"122\">\n<div align=\"center\"><\/div>\n<div align=\"right\">0,22 mg<\/div>\n<div align=\"right\">0,28 mg<\/div>\n<div align=\"right\">3,18 mg<\/div>\n<div align=\"right\">1,20 mg<\/div>\n<div align=\"right\">0,28 mg<\/div>\n<div align=\"right\">0,55 mg<\/div>\n<\/td>\n<\/tr>\n<tr>\n<td colspan=\"4\" valign=\"top\" width=\"583\">\n<div>AJR = Apport Journalier Recommand\u00e9<\/div>\n<div>* = RDA non \u00e9tabli<\/div>\n<\/td>\n<\/tr>\n<\/tbody>\n<\/table>\n<\/div>\n<div><\/div>\n<div><\/div>\n<div><\/div>\n<div><\/div>\n<div><\/div>\n<div><\/div>\n<div><\/div>\n<div><\/div>\n<div><\/div>\n<div><\/div>\n<div><\/div>\n<div><\/div>\n<div><\/div>\n<div><\/div>\n<div><\/div>\n<div><\/div>\n<div><\/div>\n<div><\/div>\n<div><\/div>\n<div><\/div>\n<div><\/div>\n<div><\/div>\n<div><\/div>\n<div><\/div>\n<div><\/div>\n<div><\/div>\n<div><\/div>\n<div><\/div>\n<div><\/div>\n<div><\/div>\n<div><\/div>\n<div><\/div>\n<div><\/div>\n<div><\/div>\n<div><\/div>","protected":false},"excerpt":{"rendered":"<p>Un gainer facilement digestible pour une masse musculaire pure.<\/p>","protected":false},"featured_media":13560,"template":"","meta":{"_seopress_robots_primary_cat":"none","_seopress_titles_title":"","_seopress_titles_desc":"","_seopress_robots_index":"","_kad_blocks_custom_css":"","_kad_blocks_head_custom_js":"","_kad_blocks_body_custom_js":"","_kad_blocks_footer_custom_js":"","_kad_post_transparent":"default","_kad_post_title":"","_kad_post_layout":"default","_kad_post_sidebar_id":"","_kad_post_content_style":"default","_kad_post_vertical_padding":"default","_kad_post_feature":"","_kad_post_feature_position":"","_kad_post_header":false,"_kad_post_footer":false,"_kad_post_classname":""},"product_brand":[],"product_cat":[48,38,39,40],"product_tag":[23],"class_list":{"0":"post-171","1":"product","2":"type-product","3":"status-publish","4":"has-post-thumbnail","6":"product_cat-mass-gainers","7":"product_cat-merken","8":"product_cat-spieropbouw-kracht","9":"product_cat-syntech-nutrition","10":"product_tag-massgainer","12":"first","13":"outofstock","14":"taxable","15":"shipping-taxable","16":"purchasable","17":"product-type-variable","18":"entry","19":"content-bg","20":"loop-entry"},"taxonomy_info":{"product_cat":[{"value":48,"label":"Mass Gainers"},{"value":38,"label":"Merken"},{"value":39,"label":"Spieropbouw &amp; Kracht"},{"value":40,"label":"Syntech Nutrition"}],"product_tag":[{"value":23,"label":"massgainer"}]},"featured_image_src_large":["https:\/\/body2fit.be\/wp-content\/uploads\/2024\/12\/IMG_7300.jpg",960,960,false],"author_info":[],"comment_info":"","_links":{"self":[{"href":"https:\/\/body2fit.be\/fr\/wp-json\/wp\/v2\/product\/171","targetHints":{"allow":["GET"]}}],"collection":[{"href":"https:\/\/body2fit.be\/fr\/wp-json\/wp\/v2\/product"}],"about":[{"href":"https:\/\/body2fit.be\/fr\/wp-json\/wp\/v2\/types\/product"}],"wp:featuredmedia":[{"embeddable":true,"href":"https:\/\/body2fit.be\/fr\/wp-json\/wp\/v2\/media\/13560"}],"wp:attachment":[{"href":"https:\/\/body2fit.be\/fr\/wp-json\/wp\/v2\/media?parent=171"}],"wp:term":[{"taxonomy":"product_brand","embeddable":true,"href":"https:\/\/body2fit.be\/fr\/wp-json\/wp\/v2\/product_brand?post=171"},{"taxonomy":"product_cat","embeddable":true,"href":"https:\/\/body2fit.be\/fr\/wp-json\/wp\/v2\/product_cat?post=171"},{"taxonomy":"product_tag","embeddable":true,"href":"https:\/\/body2fit.be\/fr\/wp-json\/wp\/v2\/product_tag?post=171"}],"curies":[{"name":"wp","href":"https:\/\/api.w.org\/{rel}","templated":true}]}}