{"id":268,"date":"2014-06-09T00:00:00","date_gmt":"2014-06-09T00:00:00","guid":{"rendered":"https:\/?post_type=product&#038;p=268"},"modified":"2025-01-02T16:15:37","modified_gmt":"2025-01-02T16:15:37","slug":"sanas-aminobolan-mega-forte","status":"publish","type":"product","link":"https:\/\/body2fit.be\/fr\/shop\/sanas-aminobolan-mega-forte\/","title":{"rendered":"Sanas Aminobolan \u2013 12 Ampoules"},"content":{"rendered":"<div class=\"short_des\">\n<p><span style=\"font-family: Tahoma, sans-serif;\"><span lang=\"nl-be\" xml:lang=\"nl-be\">AMINOBOLAN est un compl\u00e9ment nutritionnel destin\u00e9 aux professionnels du sport et \u00e0 tous les sportifs qui souhaitent d\u00e9velopper au maximum leur volume et leur force musculaire. AMINOBOLAN est \u00e9galement recommand\u00e9 \u00e0 toutes les personnes ayant une vie active, afin d&#039;obtenir et de maintenir une forme et une condition optimales.<\/span><\/span><\/p>\n<p lang=\"nl-be\" xml:lang=\"nl-be\" align=\"justify\"><span style=\"font-family: Tahoma, sans-serif;\">La L-Arginine est l&#039;acide amin\u00e9 qui stimule le plus la s\u00e9cr\u00e9tion d&#039;insuline et la s\u00e9cr\u00e9tion d&#039;hormone de croissance. La L-ornithine a \u00e9galement la m\u00eame propri\u00e9t\u00e9, mais la quantit\u00e9 requise n&#039;est que la moiti\u00e9 de la quantit\u00e9 de L-arginine. La glycine joue un r\u00f4le important pour les muscles dans le sens o\u00f9 elle maintient et restaure le tonus musculaire.<\/span><\/p>\n<p lang=\"nl-be\" xml:lang=\"nl-be\" align=\"justify\"><span style=\"font-family: Tahoma, sans-serif;\">AMINOBOLAN peut \u00eatre utilis\u00e9 en cure ou lors de la pr\u00e9paration d&#039;une comp\u00e9tition wedstrijd<\/span>\u00a0<span style=\"font-family: Tahoma, sans-serif;\">devenir.<\/span><\/p>\n<p lang=\"nl-be\" xml:lang=\"nl-be\" align=\"justify\"><span style=\"font-family: Tahoma, sans-serif;\">En cure : 1 ampoule par jour en cas d&#039;activit\u00e9 ou d&#039;entra\u00eenement normal ; 2 par jour avec un entra\u00eenement intensif\u00a0; 3 par jour pour un effet rapide et fort.<\/span><\/p>\n<p lang=\"nl-be\" xml:lang=\"nl-be\" align=\"justify\"><span style=\"font-family: Tahoma, sans-serif;\">Lors de la pr\u00e9paration d&#039;une comp\u00e9tition : 3 par jour au cours des 10 derniers jours. La prise d&#039;AMINOBOLAN apr\u00e8s l&#039;entra\u00eenement favorise la croissance musculaire et assure une r\u00e9cup\u00e9ration et une r\u00e9cup\u00e9ration plus rapides du tissu musculaire.<\/span><\/p>\n<\/div>\n<div><\/div>\n<div>\n<p style=\"font-weight: 600;\">Ingr\u00e9dients<\/p>\n<p style=\"font-weight: 400;\">Eau, acidifiant (E330), L-arginine, glycine, L-ornithineHCl, L-lysineHCl, taurine, L-proline, L-ph\u00e9nylalanine, DL-m\u00e9thionine, ar\u00f4mes, L-isoleucine, L-valine, L-thr\u00e9onine, L -leucine, L-alanine, L-glutamine, L-s\u00e9rine, L-histidine, acide L-aspartique, conservateur (E202), L-carnitine, \u00e9dulcorants (E952, E950, E954), L-citrulline, L-cystine, L-tyrosine, colorant (E101i).<\/p>\n<\/div>","protected":false},"excerpt":{"rendered":"<p>AMINOBOLAN est un compl\u00e9ment nutritionnel destin\u00e9 aux professionnels du sport et \u00e0 tous les sportifs qui souhaitent d\u00e9velopper au maximum leur volume et leur force musculaire. AMINOBOLAN est \u00e9galement recommand\u00e9 \u00e0 toutes les personnes ayant une vie active, afin d&#039;obtenir et de maintenir une forme et une condition optimales.<\/p>","protected":false},"featured_media":12935,"template":"","meta":{"_seopress_robots_primary_cat":"","_seopress_titles_title":"","_seopress_titles_desc":"","_seopress_robots_index":"","_kad_blocks_custom_css":"","_kad_blocks_head_custom_js":"","_kad_blocks_body_custom_js":"","_kad_blocks_footer_custom_js":"","_kad_post_transparent":"default","_kad_post_title":"","_kad_post_layout":"default","_kad_post_sidebar_id":"","_kad_post_content_style":"default","_kad_post_vertical_padding":"default","_kad_post_feature":"","_kad_post_feature_position":"","_kad_post_header":false,"_kad_post_footer":false,"_kad_post_classname":""},"product_brand":[],"product_cat":[50,38,53,39],"product_tag":[30,27],"class_list":{"0":"post-268","1":"product","2":"type-product","3":"status-publish","4":"has-post-thumbnail","6":"product_cat-aminozuren-bcaa","7":"product_cat-merken","8":"product_cat-sanas","9":"product_cat-spieropbouw-kracht","10":"product_tag-aminobolan","11":"product_tag-sanas","13":"first","14":"outofstock","15":"sale","16":"taxable","17":"shipping-taxable","18":"purchasable","19":"product-type-simple","20":"entry","21":"content-bg","22":"loop-entry"},"taxonomy_info":{"product_cat":[{"value":50,"label":"Aminozuren - BCAA"},{"value":38,"label":"Merken"},{"value":53,"label":"Sanas"},{"value":39,"label":"Spieropbouw &amp; Kracht"}],"product_tag":[{"value":30,"label":"AMINOBOLAN"},{"value":27,"label":"sanas"}]},"featured_image_src_large":["https:\/\/body2fit.be\/wp-content\/uploads\/2014\/06\/050.-Aminobolan-1024x661.png",1024,661,true],"author_info":[],"comment_info":"","_links":{"self":[{"href":"https:\/\/body2fit.be\/fr\/wp-json\/wp\/v2\/product\/268","targetHints":{"allow":["GET"]}}],"collection":[{"href":"https:\/\/body2fit.be\/fr\/wp-json\/wp\/v2\/product"}],"about":[{"href":"https:\/\/body2fit.be\/fr\/wp-json\/wp\/v2\/types\/product"}],"wp:featuredmedia":[{"embeddable":true,"href":"https:\/\/body2fit.be\/fr\/wp-json\/wp\/v2\/media\/12935"}],"wp:attachment":[{"href":"https:\/\/body2fit.be\/fr\/wp-json\/wp\/v2\/media?parent=268"}],"wp:term":[{"taxonomy":"product_brand","embeddable":true,"href":"https:\/\/body2fit.be\/fr\/wp-json\/wp\/v2\/product_brand?post=268"},{"taxonomy":"product_cat","embeddable":true,"href":"https:\/\/body2fit.be\/fr\/wp-json\/wp\/v2\/product_cat?post=268"},{"taxonomy":"product_tag","embeddable":true,"href":"https:\/\/body2fit.be\/fr\/wp-json\/wp\/v2\/product_tag?post=268"}],"curies":[{"name":"wp","href":"https:\/\/api.w.org\/{rel}","templated":true}]}}