{"id":291,"date":"2016-06-17T00:00:00","date_gmt":"2016-06-17T00:00:00","guid":{"rendered":"https:\/product\/aesthetic-mass-syntech"},"modified":"2025-10-23T21:07:39","modified_gmt":"2025-10-23T21:07:39","slug":"aesthetic-mass-syntech","status":"publish","type":"product","link":"https:\/\/body2fit.be\/fr\/shop\/aesthetic-mass-syntech\/","title":{"rendered":"Syntech Masse Esth\u00e9tique"},"content":{"rendered":"<p><strong>Masse Esth\u00e9tique\u00a0<\/strong>a \u00e9t\u00e9 sp\u00e9cialement d\u00e9velopp\u00e9 pour les hardgainers qui travaillent dur pour obtenir un corps athl\u00e9tique \u00e0 la fois massif et esth\u00e9tique.\u00a0<strong>Masse Esth\u00e9tique<\/strong>\u00a0contient une combinaison de tous les \u00e9l\u00e9ments importants\u00a0<em>emballeur de masse<\/em>\u00a0ingr\u00e9dients : prot\u00e9ines de lactos\u00e9rum avec maltodextrine, cr\u00e9atine, ZMA et un m\u00e9lange de vitamines.<\/p>\n<p><strong>Masse Esth\u00e9tique\u00a0<\/strong>fournit 900 kCal par portion quotidienne, bien qu&#039;il contienne tr\u00e8s peu de sucre et moins de 1,8% de mati\u00e8res grasses.<\/p>\n<h2><strong>Les ingr\u00e9dients cl\u00e9s par portion quotidienne<\/strong><\/h2>\n<ul>\n<li><strong>Concentr\u00e9 de prot\u00e9ines de lactos\u00e9rum (WPC) \u2013<\/strong>\u00a0le WPC est obtenu \u00e0 l&#039;aide d&#039;une technique de filtration membranaire crois\u00e9e (CFM) \u00e0 basse temp\u00e9rature et contient 10 g de BCAA. Les prot\u00e9ines contribuent \u00e0 la croissance de la masse musculaire.<\/li>\n<li><strong>6g de cr\u00e9atine monohydrate \u2013\u00a0<\/strong>la cr\u00e9atine favorise la performance lors d&#039;exercices courts cons\u00e9cutifs et intenses, tels que la musculation.<\/li>\n<li><strong>41mg Complexe Zinc Magn\u00e9sium \u2013\u00a0<\/strong>Le zinc contribue au maintien d&#039;un taux normal de testost\u00e9rone dans le sang. Le magn\u00e9sium aide \u00e0 lutter contre la fatigue et contribue \u00e9galement \u00e0 une fonction musculaire normale et \u00e0 la synth\u00e8se des prot\u00e9ines.<\/li>\n<li><strong>Complexe de vitamines B\u00a0<\/strong><strong>et\u00a0<\/strong><strong>Vitamine C.<\/strong><strong>\u00a0V<\/strong>les vitamines B1, B3, B6 et C contribuent au fonctionnement normal du syst\u00e8me nerveux et aident \u00e9galement \u00e0 lutter contre la fatigue. Les vitamines B6 et C contribuent \u00e9galement au fonctionnement normal du syst\u00e8me immunitaire.<\/li>\n<\/ul>\n<p><span style=\"background-color: #fbe329;\">1 portion = M\u00e9langer 3 cuill\u00e8res (125g) avec 300ml d&#039;eau. Prendre 2 portions par jour, tous les jours de la semaine.<\/span><\/p>\n<p><span style=\"background-color: #fbe329;\">Les jours d&#039;entra\u00eenement : prendre 1 portion entre les repas et 1 portion apr\u00e8s l&#039;entra\u00eenement.<\/span><\/p>\n<p><span style=\"background-color: #fbe329;\">Les jours de repos : prendre 1 dose le matin entre les repas et 1 dose l&#039;apr\u00e8s-midi entre les repas.<\/span><\/p>","protected":false},"excerpt":{"rendered":"<p><strong>Masse Esth\u00e9tique\u00a0<\/strong>a \u00e9t\u00e9 sp\u00e9cialement d\u00e9velopp\u00e9 pour les hardgainers qui travaillent dur pour obtenir un corps athl\u00e9tique \u00e0 la fois massif et esth\u00e9tique.\u00a0<strong>Masse Esth\u00e9tique<\/strong>\u00a0contient une combinaison de tous les \u00e9l\u00e9ments importants\u00a0<em>emballeur de masse<\/em>\u00a0ingr\u00e9dients : prot\u00e9ines de lactos\u00e9rum avec maltodextrine, cr\u00e9atine, ZMA et un m\u00e9lange de vitamines.<\/p>","protected":false},"featured_media":12100,"template":"","meta":{"_seopress_robots_primary_cat":"","_seopress_titles_title":"","_seopress_titles_desc":"","_seopress_robots_index":"","_kad_blocks_custom_css":"","_kad_blocks_head_custom_js":"","_kad_blocks_body_custom_js":"","_kad_blocks_footer_custom_js":"","_kad_post_transparent":"default","_kad_post_title":"","_kad_post_layout":"default","_kad_post_sidebar_id":"","_kad_post_content_style":"default","_kad_post_vertical_padding":"default","_kad_post_feature":"","_kad_post_feature_position":"","_kad_post_header":false,"_kad_post_footer":false,"_kad_post_classname":""},"product_brand":[],"product_cat":[48,38,39,40],"product_tag":[],"class_list":{"0":"post-291","1":"product","2":"type-product","3":"status-publish","4":"has-post-thumbnail","6":"product_cat-mass-gainers","7":"product_cat-merken","8":"product_cat-spieropbouw-kracht","9":"product_cat-syntech-nutrition","11":"first","12":"instock","13":"taxable","14":"shipping-taxable","15":"purchasable","16":"product-type-variable","17":"entry","18":"content-bg","19":"loop-entry"},"taxonomy_info":{"product_cat":[{"value":48,"label":"Mass Gainers"},{"value":38,"label":"Merken"},{"value":39,"label":"Spieropbouw &amp; Kracht"},{"value":40,"label":"Syntech Nutrition"}]},"featured_image_src_large":["https:\/\/body2fit.be\/wp-content\/uploads\/2021\/06\/Aesthetic-mass-gainer-syntech.png",610,610,false],"author_info":[],"comment_info":"","_links":{"self":[{"href":"https:\/\/body2fit.be\/fr\/wp-json\/wp\/v2\/product\/291","targetHints":{"allow":["GET"]}}],"collection":[{"href":"https:\/\/body2fit.be\/fr\/wp-json\/wp\/v2\/product"}],"about":[{"href":"https:\/\/body2fit.be\/fr\/wp-json\/wp\/v2\/types\/product"}],"wp:featuredmedia":[{"embeddable":true,"href":"https:\/\/body2fit.be\/fr\/wp-json\/wp\/v2\/media\/12100"}],"wp:attachment":[{"href":"https:\/\/body2fit.be\/fr\/wp-json\/wp\/v2\/media?parent=291"}],"wp:term":[{"taxonomy":"product_brand","embeddable":true,"href":"https:\/\/body2fit.be\/fr\/wp-json\/wp\/v2\/product_brand?post=291"},{"taxonomy":"product_cat","embeddable":true,"href":"https:\/\/body2fit.be\/fr\/wp-json\/wp\/v2\/product_cat?post=291"},{"taxonomy":"product_tag","embeddable":true,"href":"https:\/\/body2fit.be\/fr\/wp-json\/wp\/v2\/product_tag?post=291"}],"curies":[{"name":"wp","href":"https:\/\/api.w.org\/{rel}","templated":true}]}}